{"id":3,"date":"2020-06-27T00:53:42","date_gmt":"2020-06-26T22:53:42","guid":{"rendered":"http:\/\/serwer1502895.home.pl\/?page_id=3"},"modified":"2020-08-18T21:26:20","modified_gmt":"2020-08-18T19:26:20","slug":"polityka-prywatnosci","status":"publish","type":"page","link":"https:\/\/nowy-styl.pl\/?page_id=3","title":{"rendered":"Polityka prywatno\u015bci"},"content":{"rendered":"[vc_row][vc_column][vc_separator wpmp_trigger_hook=&#8221;0.5&#8243; wpmp_class_css=&#8221;magic&#8221; wpmp_effect_scenes=&#8221;%5B%7B%22wpmp_title%22%3A%22Effect1%22%2C%22wpmp_duration%22%3A%221%22%2C%22wpmp_ease%22%3A%22Power0.easeNone%22%2C%22wpmp_display%22%3A%22block%22%2C%22wpmp_transform%22%3A%22top-left%22%2C%22yoyo%22%3A%22true%22%7D%5D&#8221; css=&#8221;.vc_custom_1597777990590{padding-top: 20px !important;}&#8221;][vc_column_text wpmp_trigger_hook=&#8221;0.5&#8243; wpmp_class_css=&#8221;magic&#8221; wpmp_effect_scenes=&#8221;%5B%7B%22wpmp_title%22%3A%22Effect1%22%2C%22wpmp_duration%22%3A%221%22%2C%22wpmp_ease%22%3A%22Power0.easeNone%22%2C%22wpmp_display%22%3A%22block%22%2C%22wpmp_transform%22%3A%22top-left%22%2C%22yoyo%22%3A%22true%22%7D%5D&#8221;]\n\n<p><strong style=\"font-size: 1rem;\">Polityka prywatno\u015bci serwisu www.nowy-styl.pl<\/strong><\/p>\n<p><strong><br \/>1. Informacje og\u00f3lne<\/strong><br \/>Niniejsza Polityka Prywatno\u015bci okre\u015bla zasady przetwarzania i ochrony danych osobowych przekazanych przez U\u017cytkownik\u00f3w w zwi\u0105zku z korzystaniem serwisu internetowego <strong><strong>www.nowy-styl.pl<\/strong><\/strong><\/p>\n<p><span style=\"font-size: 1rem;\"><strong>2.<\/strong> Administratorem danych osobowych zawartych w serwisie jest firma <\/span><strong style=\"font-size: 1rem;\">Nowy Styl Sylwia Filon z siedzib\u0105 w 62-080 Sieros\u0142aw, ul. Prosta 40, NIP PL8521649210.<\/strong><\/p>\n<p><strong>3.<\/strong> W trosce o bezpiecze\u0144stwo powierzonych nam danych opracowali\u015bmy wewn\u0119trzne procedury i zalecenia, kt\u00f3re maj\u0105 zapobiec udost\u0119pnieniu danych osobom nieupowa\u017cnionym. Kontrolujemy ich wykonywanie i stale sprawdzamy ich zgodno\u015b\u0107 z odpowiednimi aktami prawnymi &#8211; ustaw\u0105 o ochronie danych osobowych, ustaw\u0105 o \u015bwiadczeniu us\u0142ug drog\u0105 elektroniczn\u0105, a tak\u017ce wszelkiego rodzaju aktach wykonawczych i aktach prawa wsp\u00f3lnotowego.<\/p>\n<p><strong>4.<\/strong> Dane Osobowe przetwarzane s\u0105 na podstawie zgody wyra\u017canej przez U\u017cytkownika oraz w przypadkach, w kt\u00f3rych przepisy prawa upowa\u017cniaj\u0105 Administratora do przetwarzania danych osobowych na podstawie przepis\u00f3w prawa lub w celu realizacji zawartej pomi\u0119dzy stronami umowy.<\/p>\n<p><strong>5.<\/strong> Serwis realizuje funkcje pozyskiwania informacji o u\u017cytkownikach i ich zachowaniach w nast\u0119puj\u0105cy spos\u00f3b:<br \/>&#8211; poprzez dobrowolnie wprowadzone w formularzach informacje<\/p>\n<p><strong>6.<\/strong> Serwis zbiera informacje dobrowolnie podane przez u\u017cytkownika.<\/p>\n<p><strong>7.<\/strong> Dane podane w formularzu s\u0105 przetwarzane w celu wynikaj\u0105cym z funkcji konkretnego formularza np. w celu dokonania procesu obs\u0142ugi kontaktu informacyjnego.<\/p>\n<p><strong>8.<\/strong> Dane osobowe pozostawione w serwisie nie zostan\u0105 sprzedane ani udost\u0119pnione osobom trzecim, zgodnie z przepisami Ustawy o ochronie danych osobowych.<\/p>\n<p><strong>9.<\/strong> Do danych zawartych w formularzu przys\u0142uguje wgl\u0105d osobie fizycznej, kt\u00f3ra je tam umie\u015bci\u0142a. Osoba ta ma r\u00f3wnie\u017c prawa do modyfikacji i zaprzestania przetwarzania swoich danych w dowolnym momencie.<\/p>\n<p><strong>10.<\/strong> Zastrzegamy sobie prawo do zmiany w polityce ochrony prywatno\u015bci serwisu, na kt\u00f3re mo\u017ce wp\u0142yn\u0105\u0107 rozw\u00f3j technologii internetowej, ewentualne zmiany prawa w zakresie ochrony danych osobowych oraz rozw\u00f3j naszego serwisu internetowego.<br \/>O wszelkich zmianach b\u0119dziemy informowa\u0107 w spos\u00f3b widoczny i zrozumia\u0142y<\/p>\n<p><strong>11.<\/strong> W Serwisie mog\u0105 pojawia\u0107 si\u0119 linki do innych stron internetowych. Takie strony internetowe dzia\u0142aj\u0105 niezale\u017cnie od serwisu. Strony te mog\u0105 posiada\u0107 w\u0142asne polityki dotycz\u0105ce prywatno\u015bci oraz regulaminy, z kt\u00f3rymi zalecamy si\u0119 zapozna\u0107.<\/p>\n<p>W razie w\u0105tpliwo\u015bci co kt\u00f3regokolwiek z zapis\u00f3w niniejszej polityki prywatno\u015bci jeste\u015bmy do dyspozycji &#8211; nasze dane znale\u017a\u0107 mo\u017cna w zak\u0142adce &#8211; <strong>KONTAKT.<\/strong><\/p>\n[\/vc_column_text][\/vc_column][\/vc_row]\n","protected":false},"excerpt":{"rendered":"<p>[vc_row][vc_column][vc_separator wpmp_trigger_hook=&#8221;0.5&#8243; wpmp_class_css=&#8221;magic&#8221; wpmp_effect_scenes=&#8221;%5B%7B%22wpmp_title%22%3A%22Effect1%22%2C%22wpmp_duration%22%3A%221%22%2C%22wpmp_ease%22%3A%22Power0.easeNone%22%2C%22wpmp_display%22%3A%22block%22%2C%22wpmp_transform%22%3A%22top-left%22%2C%22yoyo%22%3A%22true%22%7D%5D&#8221; css=&#8221;.vc_custom_1597777990590{padding-top: 20px !important;}&#8221;][vc_column_text wpmp_trigger_hook=&#8221;0.5&#8243; wpmp_class_css=&#8221;magic&#8221; wpmp_effect_scenes=&#8221;%5B%7B%22wpmp_title%22%3A%22Effect1%22%2C%22wpmp_duration%22%3A%221%22%2C%22wpmp_ease%22%3A%22Power0.easeNone%22%2C%22wpmp_display%22%3A%22block%22%2C%22wpmp_transform%22%3A%22top-left%22%2C%22yoyo%22%3A%22true%22%7D%5D&#8221;] Polityka prywatno\u015bci serwisu www.nowy-styl.pl 1. Informacje og\u00f3lneNiniejsza Polityka Prywatno\u015bci okre\u015bla zasady przetwarzania i ochrony danych osobowych przekazanych przez U\u017cytkownik\u00f3w w zwi\u0105zku z korzystaniem serwisu internetowego www.nowy-styl.pl 2. Administratorem danych osobowych zawartych w serwisie jest firma Nowy Styl Sylwia Filon z<\/p>\n","protected":false},"author":1,"featured_media":0,"parent":0,"menu_order":0,"comment_status":"closed","ping_status":"open","template":"","meta":{"footnotes":""},"class_list":["post-3","page","type-page","status-publish","hentry"],"_links":{"self":[{"href":"https:\/\/nowy-styl.pl\/index.php?rest_route=\/wp\/v2\/pages\/3","targetHints":{"allow":["GET"]}}],"collection":[{"href":"https:\/\/nowy-styl.pl\/index.php?rest_route=\/wp\/v2\/pages"}],"about":[{"href":"https:\/\/nowy-styl.pl\/index.php?rest_route=\/wp\/v2\/types\/page"}],"author":[{"embeddable":true,"href":"https:\/\/nowy-styl.pl\/index.php?rest_route=\/wp\/v2\/users\/1"}],"replies":[{"embeddable":true,"href":"https:\/\/nowy-styl.pl\/index.php?rest_route=%2Fwp%2Fv2%2Fcomments&post=3"}],"version-history":[{"count":4,"href":"https:\/\/nowy-styl.pl\/index.php?rest_route=\/wp\/v2\/pages\/3\/revisions"}],"predecessor-version":[{"id":3483,"href":"https:\/\/nowy-styl.pl\/index.php?rest_route=\/wp\/v2\/pages\/3\/revisions\/3483"}],"wp:attachment":[{"href":"https:\/\/nowy-styl.pl\/index.php?rest_route=%2Fwp%2Fv2%2Fmedia&parent=3"}],"curies":[{"name":"wp","href":"https:\/\/api.w.org\/{rel}","templated":true}]}}